{"id":14660,"date":"2025-07-03T13:13:15","date_gmt":"2025-07-03T12:13:15","guid":{"rendered":"https:\/\/visitmontelupo.it\/orto-dei-frati\/"},"modified":"2026-02-17T12:21:31","modified_gmt":"2026-02-17T11:21:31","slug":"orto-dei-frati","status":"publish","type":"page","link":"https:\/\/visitmontelupo.it\/en\/orto-dei-frati\/","title":{"rendered":"The Friars&#8217; Garden"},"content":{"rendered":"<div class=\"wpb-content-wrapper\"><p>[vc_row row_height_percent=&#8221;0&#8243; back_color=&#8221;accent&#8221; overlay_alpha=&#8221;50&#8243; gutter_size=&#8221;3&#8243; column_width_percent=&#8221;100&#8243; shift_y=&#8221;0&#8243; z_index=&#8221;0&#8243; content_parallax=&#8221;0&#8243; uncode_shortcode_id=&#8221;118542&#8243; back_color_type=&#8221;uncode-palette&#8221;][vc_column width=&#8221;1\/1&#8243;][vc_custom_heading text_color=&#8221;color-xsdn&#8221; heading_semantic=&#8221;h1&#8243; text_size=&#8221;h1&#8243; text_weight=&#8221;400&#8243; text_transform=&#8221;uppercase&#8221; sub_reduced=&#8221;yes&#8221; uncode_shortcode_id=&#8221;196537&#8243; text_color_type=&#8221;uncode-palette&#8221; subheading=&#8221;Discover the area&#8221;]The Friars&#8217; Garden[\/vc_custom_heading][\/vc_column][\/vc_row][vc_row][vc_column width=&#8221;1\/2&#8243;][vc_single_image media=&#8221;14661&#8243; media_width_percent=&#8221;100&#8243; uncode_shortcode_id=&#8221;133705&#8243;][\/vc_column][vc_column width=&#8221;1\/2&#8243;][vc_custom_heading text_color=&#8221;color-121623&#8243; heading_semantic=&#8221;h3&#8243; text_size=&#8221;h3&#8243; text_weight=&#8221;400&#8243; uncode_shortcode_id=&#8221;137683&#8243; text_color_type=&#8221;uncode-palette&#8221;]Between past and present[\/vc_custom_heading][vc_column_text uncode_shortcode_id=&#8221;723918&#8243;]The convent used to include an enclosed garden, characterized by a beautiful wall that was &#8220;four arms&#8221; high, with 209 cracks to support a pergola; there, you would have found two beautiful chapels, decorated with paintings allegedly by the artist Pier Dandini (1678). Many of these paintings depict the famous Miracles of Saint Peter of Alc\u00e1ntara, like &#8220;Christ giving communion to St. Peter of Alc\u00e1ntara&#8221; and &#8220;the death of Saint Peter of Alc\u00e1ntara.&#8221; In the center of the garden, you can still see the &#8220;bindolo&#8221;, an animal-powered device that was used to draw water from the well.<\/p>\n<p align=\"JUSTIFY\">The gardens of the Alcantarine fathers in the Ambrogiana area, where the two chapels are also located, are now a public green area. They are therefore freely accessible, although protected by a gate.<\/p>\n<p>[\/vc_column_text][\/vc_column][\/vc_row][vc_row][vc_column width=&#8221;1\/1&#8243;][vc_raw_html]PGlmcmFtZSBzcmM9Imh0dHBzOi8vd3d3Lmdvb2dsZS5jb20vbWFwcy9lbWJlZD9wYj0hMW0xOCExbTEyITFtMyExZDU3NjYuMTY5MjI1Mzg3NjIzITJkMTEuMDEzMDI2NDAwMDAwMDAxITNkNDMuNzI5NTY5MSEybTMhMWYwITJmMCEzZjAhM20yITFpMTAyNCEyaTc2OCE0ZjEzLjEhM20zITFtMiExczB4MTMyYTVkM2I2NmUwMjQ4MSUzQTB4YTk2YjYwYmRhNGYwZWExMyEyc09ydG8lMjBkZWklMjBmcmF0aSUyMGRlbGwnQW1icm9naWFuYSE1ZTAhM20yITFzaXQhMnNpdCE0djE3NTE1NDQ3NzQyNTEhNW0yITFzaXQhMnNpdCIgd2lkdGg9IjYwMCIgaGVpZ2h0PSI0NTAiIHN0eWxlPSJib3JkZXI6MDsiIGFsbG93ZnVsbHNjcmVlbj0iIiBsb2FkaW5nPSJsYXp5IiByZWZlcnJlcnBvbGljeT0ibm8tcmVmZXJyZXItd2hlbi1kb3duZ3JhZGUiPjwvaWZyYW1lPg==[\/vc_raw_html][\/vc_column][\/vc_row][vc_row][vc_column width=&#8221;1\/1&#8243;][vc_custom_heading text_color=&#8221;color-121623&#8243; heading_semantic=&#8221;h4&#8243; text_size=&#8221;h4&#8243; uncode_shortcode_id=&#8221;152080&#8243; text_color_type=&#8221;uncode-palette&#8221;]Visit Montelupo[\/vc_custom_heading][vc_custom_heading text_weight=&#8221;400&#8243; uncode_shortcode_id=&#8221;581490&#8243;]Check out our itineraries to discover the city and the history of ceramics[\/vc_custom_heading][vc_column_text uncode_shortcode_id=&#8221;144976&#8243;]Discover the heart of Tuscan ceramics among museums, workshops, public art, and authentic views. Stroll through the historic center, visit the exhibitions, and let yourself be guided by the colors of tradition. Experience something unique, tailored to the time you have.[\/vc_column_text][vc_button button_color=&#8221;color-121623&#8243; border_width=&#8221;0&#8243; button_color_type=&#8221;uncode-palette&#8221; uncode_shortcode_id=&#8221;126296&#8243; link=&#8221;url:https%3A%2F%2Fvisitmontelupo.it%2Fesplora-montelupo%2F|title:Explore%20Montelupo|&#8221;]Find out more[\/vc_button][\/vc_column][\/vc_row]<\/p>\n<\/div>","protected":false},"excerpt":{"rendered":"<p>[vc_row row_height_percent=&#8221;0&#8243; back_color=&#8221;accent&#8221; overlay_alpha=&#8221;50&#8243; gutter_size=&#8221;3&#8243; column_width_percent=&#8221;100&#8243; shift_y=&#8221;0&#8243; z_index=&#8221;0&#8243; content_parallax=&#8221;0&#8243; uncode_shortcode_id=&#8221;118542&#8243; back_color_type=&#8221;uncode-palette&#8221;][vc_column width=&#8221;1\/1&#8243;][vc_custom_heading text_color=&#8221;color-xsdn&#8221; heading_semantic=&#8221;h1&#8243; text_size=&#8221;h1&#8243; text_weight=&#8221;400&#8243; text_transform=&#8221;uppercase&#8221; sub_reduced=&#8221;yes&#8221; uncode_shortcode_id=&#8221;196537&#8243; text_color_type=&#8221;uncode-palette&#8221; [&hellip;]<\/p>\n","protected":false},"author":16,"featured_media":0,"parent":0,"menu_order":0,"comment_status":"closed","ping_status":"closed","template":"","meta":{"footnotes":""},"class_list":["post-14660","page","type-page","status-publish","hentry"],"yoast_head":"<!-- This site is optimized with the Yoast SEO plugin v25.9 - https:\/\/yoast.com\/wordpress\/plugins\/seo\/ -->\n<title>The Friars&#039; Garden - VisitMontelupo<\/title>\n<meta name=\"robots\" content=\"index, follow, max-snippet:-1, max-image-preview:large, max-video-preview:-1\" \/>\n<link rel=\"canonical\" href=\"https:\/\/visitmontelupo.it\/en\/orto-dei-frati\/\" \/>\n<meta property=\"og:locale\" content=\"en_US\" \/>\n<meta property=\"og:type\" content=\"article\" \/>\n<meta property=\"og:title\" content=\"The Friars&#039; Garden - VisitMontelupo\" \/>\n<meta property=\"og:description\" content=\"[vc_row row_height_percent=&#8221;0&#8243; back_color=&#8221;accent&#8221; overlay_alpha=&#8221;50&#8243; gutter_size=&#8221;3&#8243; column_width_percent=&#8221;100&#8243; shift_y=&#8221;0&#8243; z_index=&#8221;0&#8243; content_parallax=&#8221;0&#8243; uncode_shortcode_id=&#8221;118542&#8243; back_color_type=&#8221;uncode-palette&#8221;][vc_column width=&#8221;1\/1&#8243;][vc_custom_heading text_color=&#8221;color-xsdn&#8221; heading_semantic=&#8221;h1&#8243; text_size=&#8221;h1&#8243; text_weight=&#8221;400&#8243; text_transform=&#8221;uppercase&#8221; sub_reduced=&#8221;yes&#8221; uncode_shortcode_id=&#8221;196537&#8243; text_color_type=&#8221;uncode-palette&#8221; [&hellip;]\" \/>\n<meta property=\"og:url\" content=\"https:\/\/visitmontelupo.it\/en\/orto-dei-frati\/\" \/>\n<meta property=\"og:site_name\" content=\"VisitMontelupo\" \/>\n<meta property=\"article:modified_time\" content=\"2026-02-17T11:21:31+00:00\" \/>\n<meta name=\"twitter:card\" content=\"summary_large_image\" \/>\n<meta name=\"twitter:label1\" content=\"Est. reading time\" \/>\n\t<meta name=\"twitter:data1\" content=\"2 minutes\" \/>\n<script type=\"application\/ld+json\" class=\"yoast-schema-graph\">{\"@context\":\"https:\/\/schema.org\",\"@graph\":[{\"@type\":\"WebPage\",\"@id\":\"https:\/\/visitmontelupo.it\/en\/orto-dei-frati\/\",\"url\":\"https:\/\/visitmontelupo.it\/en\/orto-dei-frati\/\",\"name\":\"The Friars' Garden - VisitMontelupo\",\"isPartOf\":{\"@id\":\"https:\/\/visitmontelupo.it\/en\/#website\"},\"datePublished\":\"2025-07-03T12:13:15+00:00\",\"dateModified\":\"2026-02-17T11:21:31+00:00\",\"breadcrumb\":{\"@id\":\"https:\/\/visitmontelupo.it\/en\/orto-dei-frati\/#breadcrumb\"},\"inLanguage\":\"en-US\",\"potentialAction\":[{\"@type\":\"ReadAction\",\"target\":[\"https:\/\/visitmontelupo.it\/en\/orto-dei-frati\/\"]}]},{\"@type\":\"BreadcrumbList\",\"@id\":\"https:\/\/visitmontelupo.it\/en\/orto-dei-frati\/#breadcrumb\",\"itemListElement\":[{\"@type\":\"ListItem\",\"position\":1,\"name\":\"Home\",\"item\":\"https:\/\/visitmontelupo.it\/en\/montelupo\/\"},{\"@type\":\"ListItem\",\"position\":2,\"name\":\"The Friars&#8217; Garden\"}]},{\"@type\":\"WebSite\",\"@id\":\"https:\/\/visitmontelupo.it\/en\/#website\",\"url\":\"https:\/\/visitmontelupo.it\/en\/\",\"name\":\"VisitMontelupo\",\"description\":\"\",\"potentialAction\":[{\"@type\":\"SearchAction\",\"target\":{\"@type\":\"EntryPoint\",\"urlTemplate\":\"https:\/\/visitmontelupo.it\/en\/?s={search_term_string}\"},\"query-input\":{\"@type\":\"PropertyValueSpecification\",\"valueRequired\":true,\"valueName\":\"search_term_string\"}}],\"inLanguage\":\"en-US\"}]}<\/script>\n<!-- \/ Yoast SEO plugin. -->","yoast_head_json":{"title":"The Friars' Garden - VisitMontelupo","robots":{"index":"index","follow":"follow","max-snippet":"max-snippet:-1","max-image-preview":"max-image-preview:large","max-video-preview":"max-video-preview:-1"},"canonical":"https:\/\/visitmontelupo.it\/en\/orto-dei-frati\/","og_locale":"en_US","og_type":"article","og_title":"The Friars' Garden - VisitMontelupo","og_description":"[vc_row row_height_percent=&#8221;0&#8243; back_color=&#8221;accent&#8221; overlay_alpha=&#8221;50&#8243; gutter_size=&#8221;3&#8243; column_width_percent=&#8221;100&#8243; shift_y=&#8221;0&#8243; z_index=&#8221;0&#8243; content_parallax=&#8221;0&#8243; uncode_shortcode_id=&#8221;118542&#8243; back_color_type=&#8221;uncode-palette&#8221;][vc_column width=&#8221;1\/1&#8243;][vc_custom_heading text_color=&#8221;color-xsdn&#8221; heading_semantic=&#8221;h1&#8243; text_size=&#8221;h1&#8243; text_weight=&#8221;400&#8243; text_transform=&#8221;uppercase&#8221; sub_reduced=&#8221;yes&#8221; uncode_shortcode_id=&#8221;196537&#8243; text_color_type=&#8221;uncode-palette&#8221; [&hellip;]","og_url":"https:\/\/visitmontelupo.it\/en\/orto-dei-frati\/","og_site_name":"VisitMontelupo","article_modified_time":"2026-02-17T11:21:31+00:00","twitter_card":"summary_large_image","twitter_misc":{"Est. reading time":"2 minutes"},"schema":{"@context":"https:\/\/schema.org","@graph":[{"@type":"WebPage","@id":"https:\/\/visitmontelupo.it\/en\/orto-dei-frati\/","url":"https:\/\/visitmontelupo.it\/en\/orto-dei-frati\/","name":"The Friars' Garden - VisitMontelupo","isPartOf":{"@id":"https:\/\/visitmontelupo.it\/en\/#website"},"datePublished":"2025-07-03T12:13:15+00:00","dateModified":"2026-02-17T11:21:31+00:00","breadcrumb":{"@id":"https:\/\/visitmontelupo.it\/en\/orto-dei-frati\/#breadcrumb"},"inLanguage":"en-US","potentialAction":[{"@type":"ReadAction","target":["https:\/\/visitmontelupo.it\/en\/orto-dei-frati\/"]}]},{"@type":"BreadcrumbList","@id":"https:\/\/visitmontelupo.it\/en\/orto-dei-frati\/#breadcrumb","itemListElement":[{"@type":"ListItem","position":1,"name":"Home","item":"https:\/\/visitmontelupo.it\/en\/montelupo\/"},{"@type":"ListItem","position":2,"name":"The Friars&#8217; Garden"}]},{"@type":"WebSite","@id":"https:\/\/visitmontelupo.it\/en\/#website","url":"https:\/\/visitmontelupo.it\/en\/","name":"VisitMontelupo","description":"","potentialAction":[{"@type":"SearchAction","target":{"@type":"EntryPoint","urlTemplate":"https:\/\/visitmontelupo.it\/en\/?s={search_term_string}"},"query-input":{"@type":"PropertyValueSpecification","valueRequired":true,"valueName":"search_term_string"}}],"inLanguage":"en-US"}]}},"_links":{"self":[{"href":"https:\/\/visitmontelupo.it\/en\/wp-json\/wp\/v2\/pages\/14660","targetHints":{"allow":["GET"]}}],"collection":[{"href":"https:\/\/visitmontelupo.it\/en\/wp-json\/wp\/v2\/pages"}],"about":[{"href":"https:\/\/visitmontelupo.it\/en\/wp-json\/wp\/v2\/types\/page"}],"author":[{"embeddable":true,"href":"https:\/\/visitmontelupo.it\/en\/wp-json\/wp\/v2\/users\/16"}],"replies":[{"embeddable":true,"href":"https:\/\/visitmontelupo.it\/en\/wp-json\/wp\/v2\/comments?post=14660"}],"version-history":[{"count":11,"href":"https:\/\/visitmontelupo.it\/en\/wp-json\/wp\/v2\/pages\/14660\/revisions"}],"predecessor-version":[{"id":15657,"href":"https:\/\/visitmontelupo.it\/en\/wp-json\/wp\/v2\/pages\/14660\/revisions\/15657"}],"wp:attachment":[{"href":"https:\/\/visitmontelupo.it\/en\/wp-json\/wp\/v2\/media?parent=14660"}],"curies":[{"name":"wp","href":"https:\/\/api.w.org\/{rel}","templated":true}]}}